{"id":87,"date":"2020-11-09T21:08:52","date_gmt":"2020-11-09T20:08:52","guid":{"rendered":"http:\/\/auxfollesgambades.fr\/?page_id=87"},"modified":"2025-07-29T17:56:02","modified_gmt":"2025-07-29T15:56:02","slug":"tarif","status":"publish","type":"page","link":"https:\/\/auxfollesgambades.fr\/index.php\/tarif\/","title":{"rendered":"LES TARIFS"},"content":{"rendered":"\n<p class=\"has-text-align-center has-huge-font-size\">TARIF PENSION <\/p>\n\n\n\n<p class=\"has-text-align-center has-text-color has-larger-font-size\" style=\"color:#f10813\"><\/p>\n\n\n\n<div class=\"wp-block-columns is-layout-flex wp-container-core-columns-is-layout-1 wp-block-columns-is-layout-flex\">\n<div class=\"wp-block-column is-layout-flow wp-block-column-is-layout-flow\"><\/div>\n<\/div>\n\n\n\n<p class=\"has-text-align-center\"><\/p>\n\n\n\n<p class=\"has-text-align-center\">Tarif unique \u00e0 20 euros HT, soit  <strong>24 euros TTC\/jour<\/strong>.<\/p>\n\n\n\n<p class=\"has-text-align-center\">(42 euros TTC \/ jour pour 2 chiens)<\/p>\n\n\n\n<p class=\"has-text-align-center\">Fonctionnement par demi journ\u00e9es : seule une demi journ\u00e9e sera compt\u00e9e en cas d&rsquo;arriv\u00e9e l&rsquo;apr\u00e8s midi ou de d\u00e9part le matin<\/p>\n\n\n\n<p class=\"has-text-align-left\"><em>5% de r\u00e9duction seront appliqu\u00e9s \u00e0 partir de 8 jours de pension<\/em><\/p>\n\n\n\n<p><em>10% de r\u00e9duction seront appliqu\u00e9s \u00e0 partir de 15 jours de pension<\/em><\/p>\n\n\n\n<p class=\"has-text-align-right has-small-font-size\"><\/p>\n\n\n\n<p><\/p>\n\n\n\n<p class=\"has-text-align-center has-huge-font-size\">TARIF GARDERIE<\/p>\n\n\n\n<p class=\"has-text-align-center\" style=\"font-size:20px\">La garderie \u00e0 la journ\u00e9e est accessible uniquement du lundi au vendredi, hors vacances scolaires. Les chiens arrivent le matin pour repartir le soir.<\/p>\n\n\n\n<p class=\"has-text-align-center\" style=\"font-size:20px\">Accessible uniquement aux chiens parfaitement sociables avec leurs cong\u00e9n\u00e8res <\/p>\n\n\n\n<p class=\"has-text-align-center\">Garderie \u00e0 la journ\u00e9e -> 18 \u20ac TTC<\/p>\n\n\n\n<p class=\"has-text-align-center\">Carte Garderie 10Jours -> 150\u20ac TTC<\/p>\n\n\n\n<p class=\"has-text-align-center\">Carte Garderie 20Jours ->240\u20ac TTC<\/p>\n\n\n\n<p><\/p>\n\n\n\n<p class=\"has-text-align-center has-huge-font-size\">OST\u00c9OPATHIE <\/p>\n\n\n\n<p>S\u00e9ances au cabinet (chiens) : 50 euros TTC<\/p>\n\n\n\n<p><\/p>\n","protected":false},"excerpt":{"rendered":"<p>TARIF PENSION Tarif unique \u00e0 20 euros HT, soit 24 euros TTC\/jour. (42 euros TTC \/ jour pour 2 chiens) Fonctionnement par demi journ\u00e9es :\u2026<\/p>\n","protected":false},"author":1,"featured_media":0,"parent":0,"menu_order":0,"comment_status":"closed","ping_status":"closed","template":"","meta":{"_monsterinsights_skip_tracking":false,"_monsterinsights_sitenote_active":false,"_monsterinsights_sitenote_note":"","_monsterinsights_sitenote_category":0,"footnotes":""},"class_list":["post-87","page","type-page","status-publish","hentry","no-post-thumbnail"],"yoast_head":"<!-- This site is optimized with the Yoast SEO plugin v15.4 - https:\/\/yoast.com\/wordpress\/plugins\/seo\/ -->\n<title>LES TARIFS - AUX FOLLES GAMBADES<\/title>\n<meta name=\"robots\" content=\"index, follow, max-snippet:-1, max-image-preview:large, max-video-preview:-1\" \/>\n<link rel=\"canonical\" href=\"https:\/\/auxfollesgambades.fr\/index.php\/tarif\/\" \/>\n<meta property=\"og:locale\" content=\"fr_FR\" \/>\n<meta property=\"og:type\" content=\"article\" \/>\n<meta property=\"og:title\" content=\"LES TARIFS - AUX FOLLES GAMBADES\" \/>\n<meta property=\"og:description\" content=\"TARIF PENSION Tarif unique \u00e0 20 euros HT, soit 24 euros TTC\/jour. (42 euros TTC \/ jour pour 2 chiens) Fonctionnement par demi journ\u00e9es :\u2026\" \/>\n<meta property=\"og:url\" content=\"https:\/\/auxfollesgambades.fr\/index.php\/tarif\/\" \/>\n<meta property=\"og:site_name\" content=\"AUX FOLLES GAMBADES\" \/>\n<meta property=\"article:publisher\" content=\"https:\/\/www.facebook.com\/auxfollesgambades\" \/>\n<meta property=\"article:modified_time\" content=\"2025-07-29T15:56:02+00:00\" \/>\n<meta property=\"og:image\" content=\"https:\/\/auxfollesgambades.fr\/wp-content\/uploads\/2020\/12\/Logo-aux-folles-gambades-sans-fond-scaled.jpg\" \/>\n\t<meta property=\"og:image:width\" content=\"2557\" \/>\n\t<meta property=\"og:image:height\" content=\"2560\" \/>\n<meta name=\"twitter:card\" content=\"summary_large_image\" \/>\n<meta name=\"twitter:label1\" content=\"\u00c9crit par\">\n\t<meta name=\"twitter:data1\" content=\"admin1372\">\n\t<meta name=\"twitter:label2\" content=\"Dur\u00e9e de lecture est.\">\n\t<meta name=\"twitter:data2\" content=\"1 minute\">\n<script type=\"application\/ld+json\" class=\"yoast-schema-graph\">{\"@context\":\"https:\/\/schema.org\",\"@graph\":[{\"@type\":\"WebSite\",\"@id\":\"http:\/\/auxfollesgambades.fr\/#website\",\"url\":\"http:\/\/auxfollesgambades.fr\/\",\"name\":\"AUX FOLLES GAMBADES\",\"description\":\"PENSION ET CENTRE DE LOISIR POUR CHIENS\",\"potentialAction\":[{\"@type\":\"SearchAction\",\"target\":\"http:\/\/auxfollesgambades.fr\/?s={search_term_string}\",\"query-input\":\"required name=search_term_string\"}],\"inLanguage\":\"fr-FR\"},{\"@type\":\"WebPage\",\"@id\":\"https:\/\/auxfollesgambades.fr\/index.php\/tarif\/#webpage\",\"url\":\"https:\/\/auxfollesgambades.fr\/index.php\/tarif\/\",\"name\":\"LES TARIFS - AUX FOLLES GAMBADES\",\"isPartOf\":{\"@id\":\"http:\/\/auxfollesgambades.fr\/#website\"},\"datePublished\":\"2020-11-09T20:08:52+00:00\",\"dateModified\":\"2025-07-29T15:56:02+00:00\",\"inLanguage\":\"fr-FR\",\"potentialAction\":[{\"@type\":\"ReadAction\",\"target\":[\"https:\/\/auxfollesgambades.fr\/index.php\/tarif\/\"]}]}]}<\/script>\n<!-- \/ Yoast SEO plugin. -->","_links":{"self":[{"href":"https:\/\/auxfollesgambades.fr\/index.php\/wp-json\/wp\/v2\/pages\/87","targetHints":{"allow":["GET"]}}],"collection":[{"href":"https:\/\/auxfollesgambades.fr\/index.php\/wp-json\/wp\/v2\/pages"}],"about":[{"href":"https:\/\/auxfollesgambades.fr\/index.php\/wp-json\/wp\/v2\/types\/page"}],"author":[{"embeddable":true,"href":"https:\/\/auxfollesgambades.fr\/index.php\/wp-json\/wp\/v2\/users\/1"}],"replies":[{"embeddable":true,"href":"https:\/\/auxfollesgambades.fr\/index.php\/wp-json\/wp\/v2\/comments?post=87"}],"version-history":[{"count":13,"href":"https:\/\/auxfollesgambades.fr\/index.php\/wp-json\/wp\/v2\/pages\/87\/revisions"}],"predecessor-version":[{"id":253,"href":"https:\/\/auxfollesgambades.fr\/index.php\/wp-json\/wp\/v2\/pages\/87\/revisions\/253"}],"wp:attachment":[{"href":"https:\/\/auxfollesgambades.fr\/index.php\/wp-json\/wp\/v2\/media?parent=87"}],"curies":[{"name":"wp","href":"https:\/\/api.w.org\/{rel}","templated":true}]}}