{"id":83,"date":"2020-11-09T21:07:45","date_gmt":"2020-11-09T20:07:45","guid":{"rendered":"http:\/\/auxfollesgambades.fr\/?page_id=83"},"modified":"2025-01-31T13:55:31","modified_gmt":"2025-01-31T12:55:31","slug":"agility","status":"publish","type":"page","link":"https:\/\/auxfollesgambades.fr\/index.php\/agility\/","title":{"rendered":"ALIMENTATION"},"content":{"rendered":"\n<p class=\"has-text-align-center\">Parce que nourrir son chien et son chat avec une alimentation adapt\u00e9e est le meilleur alli\u00e9 pour sa sant\u00e9, nous avons choisi de faire confiance \u00e0 la marque Wolfood.<\/p>\n\n\n\n<p class=\"has-text-align-center has-larger-font-size\">Venez retrouver nos diff\u00e9rentes gammes en vente \u00e0 la pension !<\/p>\n\n\n\n<p>Plusieurs gammes et r\u00e9f\u00e9rences sont disponibles selon les besoins de votre compagnon, avec pour point commun une composition avec des ingr\u00e9dients de haute qualit\u00e9 et adapt\u00e9 au r\u00e9gime carnivore.<\/p>\n\n\n\n<p>Tarif et disponibilit\u00e9 sur demande.<\/p>\n\n\n\n<p><\/p>\n\n\n\n<div class=\"wp-block-group\"><div class=\"wp-block-group__inner-container is-layout-flow wp-block-group-is-layout-flow\">\n<figure class=\"wp-block-gallery columns-1 is-cropped wp-block-gallery-1 is-layout-flex wp-block-gallery-is-layout-flex\"><ul class=\"blocks-gallery-grid\"><li class=\"blocks-gallery-item\"><figure><img loading=\"lazy\" decoding=\"async\" width=\"409\" height=\"312\" src=\"https:\/\/auxfollesgambades.fr\/wp-content\/uploads\/2025\/01\/logo-wolfood-1.png\" alt=\"\" data-id=\"231\" data-full-url=\"https:\/\/auxfollesgambades.fr\/wp-content\/uploads\/2025\/01\/logo-wolfood-1.png\" data-link=\"https:\/\/auxfollesgambades.fr\/index.php\/agility\/logo-wolfood-1\/\" class=\"wp-image-231\" srcset=\"https:\/\/auxfollesgambades.fr\/wp-content\/uploads\/2025\/01\/logo-wolfood-1.png 409w, https:\/\/auxfollesgambades.fr\/wp-content\/uploads\/2025\/01\/logo-wolfood-1-300x229.png 300w\" sizes=\"auto, (max-width: 409px) 100vw, 409px\" \/><\/figure><\/li><\/ul><\/figure>\n<\/div><\/div>\n\n\n\n<p><\/p>\n\n\n","protected":false},"excerpt":{"rendered":"<p>Parce que nourrir son chien et son chat avec une alimentation adapt\u00e9e est le meilleur alli\u00e9 pour sa sant\u00e9, nous avons choisi de faire confiance\u2026<\/p>\n","protected":false},"author":1,"featured_media":0,"parent":0,"menu_order":0,"comment_status":"closed","ping_status":"closed","template":"","meta":{"_monsterinsights_skip_tracking":false,"_monsterinsights_sitenote_active":false,"_monsterinsights_sitenote_note":"","_monsterinsights_sitenote_category":0,"footnotes":""},"class_list":["post-83","page","type-page","status-publish","hentry","no-post-thumbnail"],"yoast_head":"<!-- This site is optimized with the Yoast SEO plugin v15.4 - https:\/\/yoast.com\/wordpress\/plugins\/seo\/ -->\n<title>ALIMENTATION - AUX FOLLES GAMBADES<\/title>\n<meta name=\"robots\" content=\"index, follow, max-snippet:-1, max-image-preview:large, max-video-preview:-1\" \/>\n<link rel=\"canonical\" href=\"http:\/\/auxfollesgambades.fr\/index.php\/agility\/\" \/>\n<meta property=\"og:locale\" content=\"fr_FR\" \/>\n<meta property=\"og:type\" content=\"article\" \/>\n<meta property=\"og:title\" content=\"ALIMENTATION - AUX FOLLES GAMBADES\" \/>\n<meta property=\"og:description\" content=\"Parce que nourrir son chien et son chat avec une alimentation adapt\u00e9e est le meilleur alli\u00e9 pour sa sant\u00e9, nous avons choisi de faire confiance\u2026\" \/>\n<meta property=\"og:url\" content=\"http:\/\/auxfollesgambades.fr\/index.php\/agility\/\" \/>\n<meta property=\"og:site_name\" content=\"AUX FOLLES GAMBADES\" \/>\n<meta property=\"article:publisher\" content=\"https:\/\/www.facebook.com\/auxfollesgambades\" \/>\n<meta property=\"article:modified_time\" content=\"2025-01-31T12:55:31+00:00\" \/>\n<meta property=\"og:image\" content=\"https:\/\/auxfollesgambades.fr\/wp-content\/uploads\/2025\/01\/logo-wolfood-1.png\" \/>\n<meta name=\"twitter:card\" content=\"summary_large_image\" \/>\n<meta name=\"twitter:label1\" content=\"\u00c9crit par\">\n\t<meta name=\"twitter:data1\" content=\"admin1372\">\n\t<meta name=\"twitter:label2\" content=\"Dur\u00e9e de lecture est.\">\n\t<meta name=\"twitter:data2\" content=\"0 minute\">\n<script type=\"application\/ld+json\" class=\"yoast-schema-graph\">{\"@context\":\"https:\/\/schema.org\",\"@graph\":[{\"@type\":\"WebSite\",\"@id\":\"http:\/\/auxfollesgambades.fr\/#website\",\"url\":\"http:\/\/auxfollesgambades.fr\/\",\"name\":\"AUX FOLLES GAMBADES\",\"description\":\"PENSION ET CENTRE DE LOISIR POUR CHIENS\",\"potentialAction\":[{\"@type\":\"SearchAction\",\"target\":\"http:\/\/auxfollesgambades.fr\/?s={search_term_string}\",\"query-input\":\"required name=search_term_string\"}],\"inLanguage\":\"fr-FR\"},{\"@type\":\"ImageObject\",\"@id\":\"http:\/\/auxfollesgambades.fr\/index.php\/agility\/#primaryimage\",\"inLanguage\":\"fr-FR\",\"url\":\"https:\/\/auxfollesgambades.fr\/wp-content\/uploads\/2025\/01\/logo-wolfood-1.png\"},{\"@type\":\"WebPage\",\"@id\":\"http:\/\/auxfollesgambades.fr\/index.php\/agility\/#webpage\",\"url\":\"http:\/\/auxfollesgambades.fr\/index.php\/agility\/\",\"name\":\"ALIMENTATION - AUX FOLLES GAMBADES\",\"isPartOf\":{\"@id\":\"http:\/\/auxfollesgambades.fr\/#website\"},\"primaryImageOfPage\":{\"@id\":\"http:\/\/auxfollesgambades.fr\/index.php\/agility\/#primaryimage\"},\"datePublished\":\"2020-11-09T20:07:45+00:00\",\"dateModified\":\"2025-01-31T12:55:31+00:00\",\"inLanguage\":\"fr-FR\",\"potentialAction\":[{\"@type\":\"ReadAction\",\"target\":[\"http:\/\/auxfollesgambades.fr\/index.php\/agility\/\"]}]}]}<\/script>\n<!-- \/ Yoast SEO plugin. -->","_links":{"self":[{"href":"https:\/\/auxfollesgambades.fr\/index.php\/wp-json\/wp\/v2\/pages\/83","targetHints":{"allow":["GET"]}}],"collection":[{"href":"https:\/\/auxfollesgambades.fr\/index.php\/wp-json\/wp\/v2\/pages"}],"about":[{"href":"https:\/\/auxfollesgambades.fr\/index.php\/wp-json\/wp\/v2\/types\/page"}],"author":[{"embeddable":true,"href":"https:\/\/auxfollesgambades.fr\/index.php\/wp-json\/wp\/v2\/users\/1"}],"replies":[{"embeddable":true,"href":"https:\/\/auxfollesgambades.fr\/index.php\/wp-json\/wp\/v2\/comments?post=83"}],"version-history":[{"count":9,"href":"https:\/\/auxfollesgambades.fr\/index.php\/wp-json\/wp\/v2\/pages\/83\/revisions"}],"predecessor-version":[{"id":232,"href":"https:\/\/auxfollesgambades.fr\/index.php\/wp-json\/wp\/v2\/pages\/83\/revisions\/232"}],"wp:attachment":[{"href":"https:\/\/auxfollesgambades.fr\/index.php\/wp-json\/wp\/v2\/media?parent=83"}],"curies":[{"name":"wp","href":"https:\/\/api.w.org\/{rel}","templated":true}]}}