{"id":25,"date":"2020-09-25T19:44:10","date_gmt":"2020-09-25T17:44:10","guid":{"rendered":"http:\/\/auxfollesgambades.fr\/?page_id=25"},"modified":"2020-12-06T22:23:26","modified_gmt":"2020-12-06T21:23:26","slug":"osteopathie","status":"publish","type":"page","link":"https:\/\/auxfollesgambades.fr\/index.php\/osteopathie\/","title":{"rendered":"OSTEOPATHIE"},"content":{"rendered":"\n<p class=\"has-text-align-center has-huge-font-size\">Qu&rsquo;est ce que l&rsquo;ost\u00e9opathie ?<\/p>\n\n\n\n<figure class=\"wp-block-image size-large is-style-rounded\"><img loading=\"lazy\" decoding=\"async\" width=\"960\" height=\"640\" src=\"http:\/\/auxfollesgambades.fr\/wp-content\/uploads\/2020\/12\/OSTEO.jpg\" alt=\"\" class=\"wp-image-164\" srcset=\"https:\/\/auxfollesgambades.fr\/wp-content\/uploads\/2020\/12\/OSTEO.jpg 960w, https:\/\/auxfollesgambades.fr\/wp-content\/uploads\/2020\/12\/OSTEO-300x200.jpg 300w, https:\/\/auxfollesgambades.fr\/wp-content\/uploads\/2020\/12\/OSTEO-768x512.jpg 768w\" sizes=\"auto, (max-width: 960px) 100vw, 960px\" \/><\/figure>\n\n\n\n<p>L&rsquo;ost\u00e9opathie est une technique manuelle, mais aussi et surtout un mode de raisonnement.<\/p>\n\n\n\n<p>En effet, en ost\u00e9opathie, nous consid\u00e9rons l&rsquo;organisme comme un tout, compos\u00e9 de diff\u00e9rents syst\u00e8mes en \u00e9troite collaboration les uns avec les autres.<\/p>\n\n\n\n<p>Un syst\u00e8me qui ne fonctionne plus correctement, et l&rsquo;ensemble de l&rsquo;organisme peut s&rsquo;en trouver affect\u00e9.<\/p>\n\n\n\n<p>Ainsi, l&rsquo;ost\u00e9opathe, en se basant sur ses solides connaissances en anatomie et physiologie, et par ses techniques de manipulation (articulaires, mais aussi tissulaires ou visc\u00e9rales) s&rsquo;appliquera \u00e0 r\u00e9tablir une harmonie entre ces diff\u00e9rents syst\u00e8mes, afin de r\u00e9tablir le bon fonctionnement de chacun d&rsquo;entre eux.<\/p>\n\n\n\n<p>L&rsquo;ost\u00e9opathie s&rsquo;adresse \u00e0 tous les animaux, quel que soit leur \u00e2ge ou leur mode de vie. Votre ost\u00e9opathe sera cependant \u00e0 m\u00eame de vous r\u00e9f\u00e9rer \u00e0 un autre professionnel plus adapt\u00e9 au cas de votre animal s&rsquo;il l&rsquo;estime n\u00e9cessaire (v\u00e9t\u00e9rinaire, dentiste, mar\u00e9chal ferrant, comportementaliste &#8230;).<\/p>\n\n\n\n<p>L&rsquo;ost\u00e9opathie est pr\u00e9conis\u00e9e en pr\u00e9vention pour le bien \u00eatre de vos animaux et pour \u00e9viter toute dysfonction, mais elle peut aussi intervenir sur les animaux de travail et de sport afin d&rsquo;optimiser les performances. Elle permet aussi de soulager les douleurs entra\u00eenant boiteries et autres soucis de locomotion. Enfin, elle peut avoir un r\u00f4le d&rsquo;accompagnement et de soutien dans certaines pathologies sp\u00e9cifiques, en parall\u00e8le d&rsquo;un suivi v\u00e9t\u00e9rinaire.<\/p>\n\n\n\n<figure class=\"wp-block-gallery columns-3 is-cropped wp-block-gallery-1 is-layout-flex wp-block-gallery-is-layout-flex\"><ul class=\"blocks-gallery-grid\"><li class=\"blocks-gallery-item\"><figure><img loading=\"lazy\" decoding=\"async\" width=\"686\" height=\"1024\" src=\"http:\/\/auxfollesgambades.fr\/wp-content\/uploads\/2020\/12\/30629345_1074482836023737_3220112560074260480_o-686x1024.jpg\" alt=\"\" data-id=\"171\" data-full-url=\"http:\/\/auxfollesgambades.fr\/wp-content\/uploads\/2020\/12\/30629345_1074482836023737_3220112560074260480_o.jpg\" data-link=\"http:\/\/auxfollesgambades.fr\/index.php\/losteopathi\/30629345_1074482836023737_3220112560074260480_o\/\" class=\"wp-image-171\" srcset=\"https:\/\/auxfollesgambades.fr\/wp-content\/uploads\/2020\/12\/30629345_1074482836023737_3220112560074260480_o-686x1024.jpg 686w, https:\/\/auxfollesgambades.fr\/wp-content\/uploads\/2020\/12\/30629345_1074482836023737_3220112560074260480_o-201x300.jpg 201w, https:\/\/auxfollesgambades.fr\/wp-content\/uploads\/2020\/12\/30629345_1074482836023737_3220112560074260480_o-768x1147.jpg 768w, https:\/\/auxfollesgambades.fr\/wp-content\/uploads\/2020\/12\/30629345_1074482836023737_3220112560074260480_o-1028x1536.jpg 1028w, https:\/\/auxfollesgambades.fr\/wp-content\/uploads\/2020\/12\/30629345_1074482836023737_3220112560074260480_o.jpg 1371w\" sizes=\"auto, (max-width: 686px) 100vw, 686px\" \/><\/figure><\/li><li class=\"blocks-gallery-item\"><figure><img loading=\"lazy\" decoding=\"async\" width=\"575\" height=\"1024\" src=\"http:\/\/auxfollesgambades.fr\/wp-content\/uploads\/2020\/12\/14889988_324156487968760_8700285966662085240_o-575x1024.jpg\" alt=\"\" data-id=\"170\" data-full-url=\"http:\/\/auxfollesgambades.fr\/wp-content\/uploads\/2020\/12\/14889988_324156487968760_8700285966662085240_o.jpg\" data-link=\"http:\/\/auxfollesgambades.fr\/index.php\/losteopathi\/14889988_324156487968760_8700285966662085240_o\/\" class=\"wp-image-170\" srcset=\"https:\/\/auxfollesgambades.fr\/wp-content\/uploads\/2020\/12\/14889988_324156487968760_8700285966662085240_o-575x1024.jpg 575w, https:\/\/auxfollesgambades.fr\/wp-content\/uploads\/2020\/12\/14889988_324156487968760_8700285966662085240_o-168x300.jpg 168w, https:\/\/auxfollesgambades.fr\/wp-content\/uploads\/2020\/12\/14889988_324156487968760_8700285966662085240_o-768x1368.jpg 768w, https:\/\/auxfollesgambades.fr\/wp-content\/uploads\/2020\/12\/14889988_324156487968760_8700285966662085240_o-863x1536.jpg 863w, https:\/\/auxfollesgambades.fr\/wp-content\/uploads\/2020\/12\/14889988_324156487968760_8700285966662085240_o.jpg 1150w\" sizes=\"auto, (max-width: 575px) 100vw, 575px\" \/><\/figure><\/li><li class=\"blocks-gallery-item\"><figure><img loading=\"lazy\" decoding=\"async\" width=\"1024\" height=\"485\" src=\"http:\/\/auxfollesgambades.fr\/wp-content\/uploads\/2020\/12\/119093453_623653548334877_7258458774284313089_o-1024x485.jpg\" alt=\"\" data-id=\"107\" data-full-url=\"http:\/\/auxfollesgambades.fr\/wp-content\/uploads\/2020\/12\/119093453_623653548334877_7258458774284313089_o.jpg\" data-link=\"http:\/\/auxfollesgambades.fr\/119093453_623653548334877_7258458774284313089_o\/\" class=\"wp-image-107\" srcset=\"https:\/\/auxfollesgambades.fr\/wp-content\/uploads\/2020\/12\/119093453_623653548334877_7258458774284313089_o-1024x485.jpg 1024w, https:\/\/auxfollesgambades.fr\/wp-content\/uploads\/2020\/12\/119093453_623653548334877_7258458774284313089_o-300x142.jpg 300w, https:\/\/auxfollesgambades.fr\/wp-content\/uploads\/2020\/12\/119093453_623653548334877_7258458774284313089_o-768x364.jpg 768w, https:\/\/auxfollesgambades.fr\/wp-content\/uploads\/2020\/12\/119093453_623653548334877_7258458774284313089_o.jpg 1352w\" sizes=\"auto, (max-width: 1024px) 100vw, 1024px\" \/><\/figure><\/li><\/ul><\/figure>\n\n\n\n<p>Attention, depuis un d\u00e9cret paru en 2017, l&rsquo;ost\u00e9opathie animale est une pratique r\u00e9glement\u00e9e : seuls les v\u00e9t\u00e9rinaires et les ost\u00e9opathes non v\u00e9t\u00e9rinaires inscrits sur le registre national d&rsquo;aptitude sont autoris\u00e9s \u00e0 pratiquer des actes d&rsquo;ost\u00e9opathie animale. <\/p>\n\n\n\n<p>Servane Turmel s&rsquo;est form\u00e9e \u00e0 l&rsquo;\u00e9cole Biopraxia \u00e0 Rennes, a obtenu son dipl\u00f4me en 2015 et est inscrite sur le registre national d&rsquo;aptitude sous le num\u00e9ro OA258.<\/p>\n\n\n\n<div class=\"wp-block-image\"><figure class=\"aligncenter size-large is-resized\"><img loading=\"lazy\" decoding=\"async\" src=\"http:\/\/auxfollesgambades.fr\/wp-content\/uploads\/2020\/12\/21616539_1864792516868819_6902485913699258987_n.jpg\" alt=\"\" class=\"wp-image-166\" width=\"237\" height=\"237\" srcset=\"https:\/\/auxfollesgambades.fr\/wp-content\/uploads\/2020\/12\/21616539_1864792516868819_6902485913699258987_n.jpg 946w, https:\/\/auxfollesgambades.fr\/wp-content\/uploads\/2020\/12\/21616539_1864792516868819_6902485913699258987_n-300x300.jpg 300w, https:\/\/auxfollesgambades.fr\/wp-content\/uploads\/2020\/12\/21616539_1864792516868819_6902485913699258987_n-150x150.jpg 150w, https:\/\/auxfollesgambades.fr\/wp-content\/uploads\/2020\/12\/21616539_1864792516868819_6902485913699258987_n-768x768.jpg 768w\" sizes=\"auto, (max-width: 237px) 100vw, 237px\" \/><\/figure><\/div>\n\n\n\n<p class=\"has-text-align-center\"><a href=\"http:\/\/auxfollesgambades.fr\/index.php\/tarif\/\" data-type=\"URL\" data-id=\"http:\/\/auxfollesgambades.fr\/index.php\/tarif\/\">TARIFS ICI <\/a><\/p>\n","protected":false},"excerpt":{"rendered":"<p>Qu&rsquo;est ce que l&rsquo;ost\u00e9opathie ? L&rsquo;ost\u00e9opathie est une technique manuelle, mais aussi et surtout un mode de raisonnement. En effet, en ost\u00e9opathie, nous consid\u00e9rons l&rsquo;organisme\u2026<\/p>\n","protected":false},"author":1,"featured_media":0,"parent":0,"menu_order":2,"comment_status":"closed","ping_status":"closed","template":"","meta":{"_monsterinsights_skip_tracking":false,"_monsterinsights_sitenote_active":false,"_monsterinsights_sitenote_note":"","_monsterinsights_sitenote_category":0,"footnotes":""},"class_list":["post-25","page","type-page","status-publish","hentry","no-post-thumbnail"],"yoast_head":"<!-- This site is optimized with the Yoast SEO plugin v15.4 - https:\/\/yoast.com\/wordpress\/plugins\/seo\/ -->\n<title>OSTEOPATHIE - AUX FOLLES GAMBADES<\/title>\n<meta name=\"robots\" content=\"index, follow, max-snippet:-1, max-image-preview:large, max-video-preview:-1\" \/>\n<link rel=\"canonical\" href=\"http:\/\/auxfollesgambades.fr\/index.php\/osteopathie\/\" \/>\n<meta property=\"og:locale\" content=\"fr_FR\" \/>\n<meta property=\"og:type\" content=\"article\" \/>\n<meta property=\"og:title\" content=\"OSTEOPATHIE - AUX FOLLES GAMBADES\" \/>\n<meta property=\"og:description\" content=\"Qu&rsquo;est ce que l&rsquo;ost\u00e9opathie ? L&rsquo;ost\u00e9opathie est une technique manuelle, mais aussi et surtout un mode de raisonnement. En effet, en ost\u00e9opathie, nous consid\u00e9rons l&rsquo;organisme\u2026\" \/>\n<meta property=\"og:url\" content=\"http:\/\/auxfollesgambades.fr\/index.php\/osteopathie\/\" \/>\n<meta property=\"og:site_name\" content=\"AUX FOLLES GAMBADES\" \/>\n<meta property=\"article:publisher\" content=\"https:\/\/www.facebook.com\/auxfollesgambades\" \/>\n<meta property=\"article:modified_time\" content=\"2020-12-06T21:23:26+00:00\" \/>\n<meta property=\"og:image\" content=\"http:\/\/auxfollesgambades.fr\/wp-content\/uploads\/2020\/12\/OSTEO.jpg\" \/>\n<meta name=\"twitter:card\" content=\"summary_large_image\" \/>\n<meta name=\"twitter:label1\" content=\"\u00c9crit par\">\n\t<meta name=\"twitter:data1\" content=\"admin1372\">\n\t<meta name=\"twitter:label2\" content=\"Dur\u00e9e de lecture est.\">\n\t<meta name=\"twitter:data2\" content=\"1 minute\">\n<script type=\"application\/ld+json\" class=\"yoast-schema-graph\">{\"@context\":\"https:\/\/schema.org\",\"@graph\":[{\"@type\":\"WebSite\",\"@id\":\"http:\/\/auxfollesgambades.fr\/#website\",\"url\":\"http:\/\/auxfollesgambades.fr\/\",\"name\":\"AUX FOLLES GAMBADES\",\"description\":\"PENSION ET CENTRE DE LOISIR POUR CHIENS\",\"potentialAction\":[{\"@type\":\"SearchAction\",\"target\":\"http:\/\/auxfollesgambades.fr\/?s={search_term_string}\",\"query-input\":\"required name=search_term_string\"}],\"inLanguage\":\"fr-FR\"},{\"@type\":\"ImageObject\",\"@id\":\"http:\/\/auxfollesgambades.fr\/index.php\/osteopathie\/#primaryimage\",\"inLanguage\":\"fr-FR\",\"url\":\"http:\/\/auxfollesgambades.fr\/wp-content\/uploads\/2020\/12\/OSTEO.jpg\"},{\"@type\":\"WebPage\",\"@id\":\"http:\/\/auxfollesgambades.fr\/index.php\/osteopathie\/#webpage\",\"url\":\"http:\/\/auxfollesgambades.fr\/index.php\/osteopathie\/\",\"name\":\"OSTEOPATHIE - AUX FOLLES GAMBADES\",\"isPartOf\":{\"@id\":\"http:\/\/auxfollesgambades.fr\/#website\"},\"primaryImageOfPage\":{\"@id\":\"http:\/\/auxfollesgambades.fr\/index.php\/osteopathie\/#primaryimage\"},\"datePublished\":\"2020-09-25T17:44:10+00:00\",\"dateModified\":\"2020-12-06T21:23:26+00:00\",\"inLanguage\":\"fr-FR\",\"potentialAction\":[{\"@type\":\"ReadAction\",\"target\":[\"http:\/\/auxfollesgambades.fr\/index.php\/osteopathie\/\"]}]}]}<\/script>\n<!-- \/ Yoast SEO plugin. -->","_links":{"self":[{"href":"https:\/\/auxfollesgambades.fr\/index.php\/wp-json\/wp\/v2\/pages\/25","targetHints":{"allow":["GET"]}}],"collection":[{"href":"https:\/\/auxfollesgambades.fr\/index.php\/wp-json\/wp\/v2\/pages"}],"about":[{"href":"https:\/\/auxfollesgambades.fr\/index.php\/wp-json\/wp\/v2\/types\/page"}],"author":[{"embeddable":true,"href":"https:\/\/auxfollesgambades.fr\/index.php\/wp-json\/wp\/v2\/users\/1"}],"replies":[{"embeddable":true,"href":"https:\/\/auxfollesgambades.fr\/index.php\/wp-json\/wp\/v2\/comments?post=25"}],"version-history":[{"count":12,"href":"https:\/\/auxfollesgambades.fr\/index.php\/wp-json\/wp\/v2\/pages\/25\/revisions"}],"predecessor-version":[{"id":213,"href":"https:\/\/auxfollesgambades.fr\/index.php\/wp-json\/wp\/v2\/pages\/25\/revisions\/213"}],"wp:attachment":[{"href":"https:\/\/auxfollesgambades.fr\/index.php\/wp-json\/wp\/v2\/media?parent=25"}],"curies":[{"name":"wp","href":"https:\/\/api.w.org\/{rel}","templated":true}]}}