{"id":21,"date":"2020-09-25T19:41:40","date_gmt":"2020-09-25T17:41:40","guid":{"rendered":"http:\/\/auxfollesgambades.fr\/?page_id=21"},"modified":"2025-07-26T18:13:16","modified_gmt":"2025-07-26T16:13:16","slug":"la-pension","status":"publish","type":"page","link":"https:\/\/auxfollesgambades.fr\/index.php\/la-pension\/","title":{"rendered":"PENSION\/GARDERIE"},"content":{"rendered":"\n<p class=\"has-text-align-center has-huge-font-size\">LA PENSION<\/p>\n\n\n\n<blockquote class=\"wp-block-quote is-layout-flow wp-block-quote-is-layout-flow\">\n<p class=\"has-text-align-right\">\u00ab\u00a0Notre philosophie ? Allier plaisir, s\u00e9curit\u00e9 et d\u00e9tente pour nos pensionnaires !\u00a0\u00bb<\/p>\n<\/blockquote>\n\n\n\n<p><\/p>\n\n\n\n<figure class=\"wp-block-gallery has-nested-images columns-default is-cropped wp-block-gallery-1 is-layout-flex wp-block-gallery-is-layout-flex\">\n<figure class=\"wp-block-image size-large\"><img loading=\"lazy\" decoding=\"async\" width=\"1024\" height=\"576\" data-id=\"129\" src=\"https:\/\/auxfollesgambades.fr\/wp-content\/uploads\/2020\/12\/20200528_213436-1024x576.jpg\" alt=\"\" class=\"wp-image-129\" srcset=\"https:\/\/auxfollesgambades.fr\/wp-content\/uploads\/2020\/12\/20200528_213436-1024x576.jpg 1024w, https:\/\/auxfollesgambades.fr\/wp-content\/uploads\/2020\/12\/20200528_213436-300x169.jpg 300w, https:\/\/auxfollesgambades.fr\/wp-content\/uploads\/2020\/12\/20200528_213436-768x432.jpg 768w, https:\/\/auxfollesgambades.fr\/wp-content\/uploads\/2020\/12\/20200528_213436-1536x864.jpg 1536w, https:\/\/auxfollesgambades.fr\/wp-content\/uploads\/2020\/12\/20200528_213436-2048x1152.jpg 2048w\" sizes=\"auto, (max-width: 1024px) 100vw, 1024px\" \/><\/figure>\n<\/figure>\n\n\n\n<p>Vos chiens seront log\u00e9s dans un b\u00e2timent qui leur est sp\u00e9cialement d\u00e9di\u00e9, \u00e0 quelques m\u00e8tres de la maison d&rsquo;habitation.<\/p>\n\n\n\n<figure class=\"wp-block-image size-large is-resized is-style-rounded\"><img loading=\"lazy\" decoding=\"async\" width=\"1024\" height=\"498\" src=\"http:\/\/auxfollesgambades.fr\/wp-content\/uploads\/2020\/12\/119055625_622656648434567_6205451233144274104_o-1024x498.jpg\" alt=\"\" class=\"wp-image-105\" style=\"width:840px;height:408px\" srcset=\"https:\/\/auxfollesgambades.fr\/wp-content\/uploads\/2020\/12\/119055625_622656648434567_6205451233144274104_o-1024x498.jpg 1024w, https:\/\/auxfollesgambades.fr\/wp-content\/uploads\/2020\/12\/119055625_622656648434567_6205451233144274104_o-300x146.jpg 300w, https:\/\/auxfollesgambades.fr\/wp-content\/uploads\/2020\/12\/119055625_622656648434567_6205451233144274104_o-768x373.jpg 768w, https:\/\/auxfollesgambades.fr\/wp-content\/uploads\/2020\/12\/119055625_622656648434567_6205451233144274104_o.jpg 1316w\" sizes=\"auto, (max-width: 1024px) 100vw, 1024px\" \/><\/figure>\n\n\n\n<p>Dans ce b\u00e2timent r\u00e9nov\u00e9 et isol\u00e9, de spacieux emplacements individuels de 20m\u00b2 ont \u00e9t\u00e9 cr\u00e9\u00e9s. Ils sont pourvus d&rsquo;une partie int\u00e9rieure ainsi que d&rsquo;une partie ext\u00e9rieure en acc\u00e8s libre, sauf la nuit.<\/p>\n\n\n\n<figure class=\"wp-block-gallery aligncenter has-nested-images columns-default is-cropped wp-block-gallery-2 is-layout-flex wp-block-gallery-is-layout-flex\">\n<figure class=\"wp-block-image size-large\"><img loading=\"lazy\" decoding=\"async\" width=\"960\" height=\"533\" data-id=\"100\" src=\"https:\/\/auxfollesgambades.fr\/wp-content\/uploads\/2020\/12\/118762662_617768398923392_6680211907594763397_n.jpg\" alt=\"\" class=\"wp-image-100\" srcset=\"https:\/\/auxfollesgambades.fr\/wp-content\/uploads\/2020\/12\/118762662_617768398923392_6680211907594763397_n.jpg 960w, https:\/\/auxfollesgambades.fr\/wp-content\/uploads\/2020\/12\/118762662_617768398923392_6680211907594763397_n-300x167.jpg 300w, https:\/\/auxfollesgambades.fr\/wp-content\/uploads\/2020\/12\/118762662_617768398923392_6680211907594763397_n-768x426.jpg 768w\" sizes=\"auto, (max-width: 960px) 100vw, 960px\" \/><\/figure>\n<\/figure>\n\n\n\n<p>Ces emplacements sont chauff\u00e9s l&rsquo;hiver et climatis\u00e9s l&rsquo;\u00e9t\u00e9 par une pompe \u00e0 chaleur. Ils abritent vos chiens pour la nuit, pour la prise des repas, ainsi que pour les indispensables p\u00e9riodes de repos au calme et offrent une vue plongeante sur la belle campagne environnante !<\/p>\n\n\n\n<figure class=\"wp-block-image size-large\"><img loading=\"lazy\" decoding=\"async\" width=\"1024\" height=\"498\" src=\"http:\/\/auxfollesgambades.fr\/wp-content\/uploads\/2020\/12\/119071164_622656678434564_8826881468127016561_o-1024x498.jpg\" alt=\"\" class=\"wp-image-106\" srcset=\"https:\/\/auxfollesgambades.fr\/wp-content\/uploads\/2020\/12\/119071164_622656678434564_8826881468127016561_o-1024x498.jpg 1024w, https:\/\/auxfollesgambades.fr\/wp-content\/uploads\/2020\/12\/119071164_622656678434564_8826881468127016561_o-300x146.jpg 300w, https:\/\/auxfollesgambades.fr\/wp-content\/uploads\/2020\/12\/119071164_622656678434564_8826881468127016561_o-768x373.jpg 768w, https:\/\/auxfollesgambades.fr\/wp-content\/uploads\/2020\/12\/119071164_622656678434564_8826881468127016561_o.jpg 1316w\" sizes=\"auto, (max-width: 1024px) 100vw, 1024px\" \/><\/figure>\n\n\n\n<p>En dehors de ces moments, votre chien b\u00e9n\u00e9ficiera de plusieurs balades par jour dans nos champs enti\u00e8rement cl\u00f4tur\u00e9s, pour des balades dans de grands espaces, en libert\u00e9 mais aussi en toute s\u00e9curit\u00e9 !<\/p>\n\n\n\n<p>Jeux avec les copains, moments c\u00e2lins, recherche de mulots, baignade dans nos piscines et activit\u00e9 exploratoire seront au rendez vous !<\/p>\n\n\n\n<p>R\u00e9guli\u00e8rement, et pour toujours plus de plaisir, les chiens auront le droit \u00e0 des sorties dans les chemins de campagne autour de la pension, id\u00e9al pour se mettre de nouvelles odeurs plein le nez ! Ces balades se feront en longe pour une s\u00e9curit\u00e9 maximale.<\/p>\n\n\n\n<figure class=\"wp-block-image size-large is-style-rounded\"><img loading=\"lazy\" decoding=\"async\" width=\"960\" height=\"540\" src=\"http:\/\/auxfollesgambades.fr\/wp-content\/uploads\/2020\/12\/118280425_611095519590680_842492496298990713_n.jpg\" alt=\"\" class=\"wp-image-98\" srcset=\"https:\/\/auxfollesgambades.fr\/wp-content\/uploads\/2020\/12\/118280425_611095519590680_842492496298990713_n.jpg 960w, https:\/\/auxfollesgambades.fr\/wp-content\/uploads\/2020\/12\/118280425_611095519590680_842492496298990713_n-300x169.jpg 300w, https:\/\/auxfollesgambades.fr\/wp-content\/uploads\/2020\/12\/118280425_611095519590680_842492496298990713_n-768x432.jpg 768w\" sizes=\"auto, (max-width: 960px) 100vw, 960px\" \/><\/figure>\n\n\n\n<p><\/p>\n\n\n\n<blockquote class=\"wp-block-quote is-layout-flow wp-block-quote-is-layout-flow\">\n<p>\u00ab\u00a0Le box, ce mot qui fait peur\u00a0\u00bb<\/p>\n<\/blockquote>\n\n\n\n<p>Aux Folles Gambades, nous comprenons tout \u00e0 fait la potentielle r\u00e9ticence \u00e0 laisser son chien en \u00ab\u00a0box\u00a0\u00bb. Nous avons n\u00e9anmoins fait ce choix, afin de pr\u00e9server la tranquillit\u00e9, le bien \u00eatre et la s\u00e9curit\u00e9 de vos chiens.<\/p>\n\n\n\n<p>En effet, pour nos amis canins, la pr\u00e9sence de leurs cong\u00e9n\u00e8res entra\u00eene bien souvent un \u00e9tat d&rsquo;excitation qui, s&rsquo;il ne redescend pas au cours du s\u00e9jour, fatiguera \u00e9motionnellement et augmentera le risque de bagarres.<\/p>\n\n\n\n<div class=\"wp-block-group\"><div class=\"wp-block-group__inner-container is-layout-flow wp-block-group-is-layout-flow\"><\/div><\/div>\n\n\n\n<p>De plus, la prise des repas pourra se faire en isolant les chiens les uns des autres ; en plus d&#8217;emp\u00eacher le d\u00e9clenchement de bagarres, cela \u00e9vitera \u00e9galement que les chiens ne stressent en mangeant (peur de se faire voler leur repas), ce qui pourrait alors avoir des cons\u00e9quences n\u00e9fastes (fausse route, ingestion d&rsquo;air, vomissements ..).<\/p>\n\n\n\n<p>Enfin, le fait de pouvoir accorder \u00e0 chaque chien un espace individuel permet d&rsquo;accueillir tous types de chiens : votre chien est \u00e2g\u00e9, votre chien a du mal \u00e0 se poser, votre chien n&rsquo;est pas sociable ? L&rsquo;acc\u00e8s \u00e0 cet espace individuel le s\u00e9curisera et s\u00e9curisera \u00e9galement les autres.<\/p>\n\n\n\n<p>N&rsquo;h\u00e9sitez pas \u00e0 lui amener ses affaires de la maison, avec ses odeurs famili\u00e8res ; ainsi la chambre qui lui sera attribu\u00e9e pour son s\u00e9jour deviendra son cocon personnalis\u00e9 et rassurant !<\/p>\n\n\n\n<figure class=\"wp-block-gallery has-nested-images columns-default is-cropped wp-block-gallery-3 is-layout-flex wp-block-gallery-is-layout-flex\">\n<figure class=\"wp-block-image size-large\"><img loading=\"lazy\" decoding=\"async\" width=\"720\" height=\"960\" data-id=\"146\" src=\"https:\/\/auxfollesgambades.fr\/wp-content\/uploads\/2020\/12\/117312453_600833033950262_8319262870865617809_n.jpg\" alt=\"\" class=\"wp-image-146\" srcset=\"https:\/\/auxfollesgambades.fr\/wp-content\/uploads\/2020\/12\/117312453_600833033950262_8319262870865617809_n.jpg 720w, https:\/\/auxfollesgambades.fr\/wp-content\/uploads\/2020\/12\/117312453_600833033950262_8319262870865617809_n-225x300.jpg 225w\" sizes=\"auto, (max-width: 720px) 100vw, 720px\" \/><\/figure>\n\n\n\n<figure class=\"wp-block-image size-large\"><img loading=\"lazy\" decoding=\"async\" width=\"498\" height=\"1024\" data-id=\"144\" src=\"https:\/\/auxfollesgambades.fr\/wp-content\/uploads\/2020\/12\/116436399_594818697885029_5435551147544502800_o-498x1024.jpg\" alt=\"\" class=\"wp-image-144\" srcset=\"https:\/\/auxfollesgambades.fr\/wp-content\/uploads\/2020\/12\/116436399_594818697885029_5435551147544502800_o-498x1024.jpg 498w, https:\/\/auxfollesgambades.fr\/wp-content\/uploads\/2020\/12\/116436399_594818697885029_5435551147544502800_o-146x300.jpg 146w, https:\/\/auxfollesgambades.fr\/wp-content\/uploads\/2020\/12\/116436399_594818697885029_5435551147544502800_o.jpg 640w\" sizes=\"auto, (max-width: 498px) 100vw, 498px\" \/><\/figure>\n<\/figure>\n\n\n\n<p>Votre chien sera ainsi \u00e0 m\u00eame de profiter au mieux de la balade suivante !<\/p>\n\n\n\n<figure class=\"wp-block-image size-large\"><img loading=\"lazy\" decoding=\"async\" width=\"1024\" height=\"498\" src=\"http:\/\/auxfollesgambades.fr\/wp-content\/uploads\/2020\/12\/128944299_681927949174103_3348408652376058526_o-1024x498.jpg\" alt=\"\" class=\"wp-image-157\" srcset=\"https:\/\/auxfollesgambades.fr\/wp-content\/uploads\/2020\/12\/128944299_681927949174103_3348408652376058526_o-1024x498.jpg 1024w, https:\/\/auxfollesgambades.fr\/wp-content\/uploads\/2020\/12\/128944299_681927949174103_3348408652376058526_o-300x146.jpg 300w, https:\/\/auxfollesgambades.fr\/wp-content\/uploads\/2020\/12\/128944299_681927949174103_3348408652376058526_o-768x373.jpg 768w, https:\/\/auxfollesgambades.fr\/wp-content\/uploads\/2020\/12\/128944299_681927949174103_3348408652376058526_o.jpg 1316w\" sizes=\"auto, (max-width: 1024px) 100vw, 1024px\" \/><\/figure>\n\n\n\n<p>Les besoins de d\u00e9pense physique et exploratoire seront n\u00e9anmoins combl\u00e9s, et nous nous engageons \u00e0 offrir \u00e0 votre chien autant de sorties dont il aura besoin.<\/p>\n\n\n\n<p class=\"has-text-align-center has-huge-font-size\">La Garderie<\/p>\n\n\n\n<figure class=\"wp-block-gallery has-nested-images columns-default is-cropped wp-block-gallery-4 is-layout-flex wp-block-gallery-is-layout-flex\">\n<figure class=\"wp-block-image size-large\"><img loading=\"lazy\" decoding=\"async\" width=\"499\" height=\"960\" data-id=\"121\" src=\"https:\/\/auxfollesgambades.fr\/wp-content\/uploads\/2020\/12\/123996889_664910444209187_1590019772290287344_n.jpg\" alt=\"\" class=\"wp-image-121\" srcset=\"https:\/\/auxfollesgambades.fr\/wp-content\/uploads\/2020\/12\/123996889_664910444209187_1590019772290287344_n.jpg 499w, https:\/\/auxfollesgambades.fr\/wp-content\/uploads\/2020\/12\/123996889_664910444209187_1590019772290287344_n-156x300.jpg 156w\" sizes=\"auto, (max-width: 499px) 100vw, 499px\" \/><\/figure>\n\n\n\n<figure class=\"wp-block-image size-large\"><img loading=\"lazy\" decoding=\"async\" width=\"498\" height=\"1024\" data-id=\"111\" src=\"https:\/\/auxfollesgambades.fr\/wp-content\/uploads\/2020\/12\/120066003_631509144215984_3781829526315514351_o-498x1024.jpg\" alt=\"\" class=\"wp-image-111\" srcset=\"https:\/\/auxfollesgambades.fr\/wp-content\/uploads\/2020\/12\/120066003_631509144215984_3781829526315514351_o-498x1024.jpg 498w, https:\/\/auxfollesgambades.fr\/wp-content\/uploads\/2020\/12\/120066003_631509144215984_3781829526315514351_o-146x300.jpg 146w, https:\/\/auxfollesgambades.fr\/wp-content\/uploads\/2020\/12\/120066003_631509144215984_3781829526315514351_o.jpg 640w\" sizes=\"auto, (max-width: 498px) 100vw, 498px\" \/><\/figure>\n\n\n\n<figure class=\"wp-block-image size-large\"><img loading=\"lazy\" decoding=\"async\" width=\"498\" height=\"1024\" data-id=\"97\" src=\"https:\/\/auxfollesgambades.fr\/wp-content\/uploads\/2020\/12\/118179985_609572843076281_6807069088157808505_o-498x1024.jpg\" alt=\"\" class=\"wp-image-97\" srcset=\"https:\/\/auxfollesgambades.fr\/wp-content\/uploads\/2020\/12\/118179985_609572843076281_6807069088157808505_o-498x1024.jpg 498w, https:\/\/auxfollesgambades.fr\/wp-content\/uploads\/2020\/12\/118179985_609572843076281_6807069088157808505_o-146x300.jpg 146w, https:\/\/auxfollesgambades.fr\/wp-content\/uploads\/2020\/12\/118179985_609572843076281_6807069088157808505_o.jpg 640w\" sizes=\"auto, (max-width: 498px) 100vw, 498px\" \/><\/figure>\n<\/figure>\n\n\n\n<p>Une journ\u00e9e charg\u00e9e, un d\u00e9placement, un impr\u00e9vu ? Vous n&rsquo;aurez pas le temps de sortir votre chien et de vous en occuper correctement pendant une journ\u00e9e ?<\/p>\n\n\n\n<p>Aux Folles Gambades, nous accueillons \u00e9galement vos chiens \u00e0 la journ\u00e9e, en garderie.<\/p>\n\n\n\n<p>Balades, jeux avec les copains, activit\u00e9s ludiques &#8230; il sera bien occup\u00e9 pendant que vous le serez aussi, ainsi vous pourrez retrouver le soir un loulou fatigu\u00e9 et \u00e9panoui !<\/p>\n\n\n\n<p>Attention, la garderie \u00e0 la journ\u00e9e n&rsquo;est accessible que du lundi au vendredi, hors vacances scolaires.<\/p>\n\n\n\n<p>Afin de ne pas perturber les chiens d\u00e9j\u00e0 pr\u00e9sents, nous n&rsquo;accueillerons dans le cadre de la journ\u00e9e garderie que des chiens parfaitement sociables avec leurs cong\u00e9n\u00e8res. <br><\/p>\n\n\n<div class=\"wp-block-image is-style-rounded\">\n<figure class=\"aligncenter size-large is-resized\"><img loading=\"lazy\" decoding=\"async\" width=\"1153\" height=\"2560\" src=\"http:\/\/auxfollesgambades.fr\/wp-content\/uploads\/2020\/12\/20200811_193543-edited-scaled.jpg\" alt=\"\" class=\"wp-image-159\" style=\"width:287px;height:641px\" srcset=\"https:\/\/auxfollesgambades.fr\/wp-content\/uploads\/2020\/12\/20200811_193543-edited-scaled.jpg 1153w, https:\/\/auxfollesgambades.fr\/wp-content\/uploads\/2020\/12\/20200811_193543-edited-135x300.jpg 135w, https:\/\/auxfollesgambades.fr\/wp-content\/uploads\/2020\/12\/20200811_193543-edited-461x1024.jpg 461w, https:\/\/auxfollesgambades.fr\/wp-content\/uploads\/2020\/12\/20200811_193543-edited-768x1705.jpg 768w, https:\/\/auxfollesgambades.fr\/wp-content\/uploads\/2020\/12\/20200811_193543-edited-692x1536.jpg 692w, https:\/\/auxfollesgambades.fr\/wp-content\/uploads\/2020\/12\/20200811_193543-edited-923x2048.jpg 923w\" sizes=\"auto, (max-width: 1153px) 100vw, 1153px\" \/><\/figure><\/div>\n\n\n<p class=\"has-text-align-center\"><a href=\"http:\/\/auxfollesgambades.fr\/index.php\/tarif\/\" data-type=\"URL\" data-id=\"http:\/\/auxfollesgambades.fr\/index.php\/tarif\/\">TARIFS ICI<\/a><\/p>\n","protected":false},"excerpt":{"rendered":"<p>LA PENSION \u00ab\u00a0Notre philosophie ? Allier plaisir, s\u00e9curit\u00e9 et d\u00e9tente pour nos pensionnaires !\u00a0\u00bb Vos chiens seront log\u00e9s dans un b\u00e2timent qui leur est sp\u00e9cialement\u2026<\/p>\n","protected":false},"author":1,"featured_media":0,"parent":0,"menu_order":1,"comment_status":"closed","ping_status":"closed","template":"","meta":{"_monsterinsights_skip_tracking":false,"_monsterinsights_sitenote_active":false,"_monsterinsights_sitenote_note":"","_monsterinsights_sitenote_category":0,"footnotes":""},"class_list":["post-21","page","type-page","status-publish","hentry","no-post-thumbnail"],"yoast_head":"<!-- This site is optimized with the Yoast SEO plugin v15.4 - https:\/\/yoast.com\/wordpress\/plugins\/seo\/ -->\n<title>PENSION\/GARDERIE - AUX FOLLES GAMBADES<\/title>\n<meta name=\"robots\" content=\"index, follow, max-snippet:-1, max-image-preview:large, max-video-preview:-1\" \/>\n<link rel=\"canonical\" href=\"https:\/\/auxfollesgambades.fr\/index.php\/la-pension\/\" \/>\n<meta property=\"og:locale\" content=\"fr_FR\" \/>\n<meta property=\"og:type\" content=\"article\" \/>\n<meta property=\"og:title\" content=\"PENSION\/GARDERIE - AUX FOLLES GAMBADES\" \/>\n<meta property=\"og:description\" content=\"LA PENSION \u00ab\u00a0Notre philosophie ? Allier plaisir, s\u00e9curit\u00e9 et d\u00e9tente pour nos pensionnaires !\u00a0\u00bb Vos chiens seront log\u00e9s dans un b\u00e2timent qui leur est sp\u00e9cialement\u2026\" \/>\n<meta property=\"og:url\" content=\"https:\/\/auxfollesgambades.fr\/index.php\/la-pension\/\" \/>\n<meta property=\"og:site_name\" content=\"AUX FOLLES GAMBADES\" \/>\n<meta property=\"article:publisher\" content=\"https:\/\/www.facebook.com\/auxfollesgambades\" \/>\n<meta property=\"article:modified_time\" content=\"2025-07-26T16:13:16+00:00\" \/>\n<meta property=\"og:image\" content=\"https:\/\/auxfollesgambades.fr\/wp-content\/uploads\/2020\/12\/20200528_213436-1024x576.jpg\" \/>\n<meta name=\"twitter:card\" content=\"summary_large_image\" \/>\n<meta name=\"twitter:label1\" content=\"\u00c9crit par\">\n\t<meta name=\"twitter:data1\" content=\"admin1372\">\n\t<meta name=\"twitter:label2\" content=\"Dur\u00e9e de lecture est.\">\n\t<meta name=\"twitter:data2\" content=\"2 minutes\">\n<script type=\"application\/ld+json\" class=\"yoast-schema-graph\">{\"@context\":\"https:\/\/schema.org\",\"@graph\":[{\"@type\":\"WebSite\",\"@id\":\"http:\/\/auxfollesgambades.fr\/#website\",\"url\":\"http:\/\/auxfollesgambades.fr\/\",\"name\":\"AUX FOLLES GAMBADES\",\"description\":\"PENSION ET CENTRE DE LOISIR POUR CHIENS\",\"potentialAction\":[{\"@type\":\"SearchAction\",\"target\":\"http:\/\/auxfollesgambades.fr\/?s={search_term_string}\",\"query-input\":\"required name=search_term_string\"}],\"inLanguage\":\"fr-FR\"},{\"@type\":\"ImageObject\",\"@id\":\"https:\/\/auxfollesgambades.fr\/index.php\/la-pension\/#primaryimage\",\"inLanguage\":\"fr-FR\",\"url\":\"https:\/\/auxfollesgambades.fr\/wp-content\/uploads\/2020\/12\/20200528_213436-1024x576.jpg\"},{\"@type\":\"WebPage\",\"@id\":\"https:\/\/auxfollesgambades.fr\/index.php\/la-pension\/#webpage\",\"url\":\"https:\/\/auxfollesgambades.fr\/index.php\/la-pension\/\",\"name\":\"PENSION\/GARDERIE - AUX FOLLES GAMBADES\",\"isPartOf\":{\"@id\":\"http:\/\/auxfollesgambades.fr\/#website\"},\"primaryImageOfPage\":{\"@id\":\"https:\/\/auxfollesgambades.fr\/index.php\/la-pension\/#primaryimage\"},\"datePublished\":\"2020-09-25T17:41:40+00:00\",\"dateModified\":\"2025-07-26T16:13:16+00:00\",\"inLanguage\":\"fr-FR\",\"potentialAction\":[{\"@type\":\"ReadAction\",\"target\":[\"https:\/\/auxfollesgambades.fr\/index.php\/la-pension\/\"]}]}]}<\/script>\n<!-- \/ Yoast SEO plugin. -->","_links":{"self":[{"href":"https:\/\/auxfollesgambades.fr\/index.php\/wp-json\/wp\/v2\/pages\/21","targetHints":{"allow":["GET"]}}],"collection":[{"href":"https:\/\/auxfollesgambades.fr\/index.php\/wp-json\/wp\/v2\/pages"}],"about":[{"href":"https:\/\/auxfollesgambades.fr\/index.php\/wp-json\/wp\/v2\/types\/page"}],"author":[{"embeddable":true,"href":"https:\/\/auxfollesgambades.fr\/index.php\/wp-json\/wp\/v2\/users\/1"}],"replies":[{"embeddable":true,"href":"https:\/\/auxfollesgambades.fr\/index.php\/wp-json\/wp\/v2\/comments?post=21"}],"version-history":[{"count":25,"href":"https:\/\/auxfollesgambades.fr\/index.php\/wp-json\/wp\/v2\/pages\/21\/revisions"}],"predecessor-version":[{"id":252,"href":"https:\/\/auxfollesgambades.fr\/index.php\/wp-json\/wp\/v2\/pages\/21\/revisions\/252"}],"wp:attachment":[{"href":"https:\/\/auxfollesgambades.fr\/index.php\/wp-json\/wp\/v2\/media?parent=21"}],"curies":[{"name":"wp","href":"https:\/\/api.w.org\/{rel}","templated":true}]}}